{"id":180,"date":"2024-11-25T17:09:15","date_gmt":"2024-11-25T17:09:15","guid":{"rendered":"https:\/\/katzenschwanz-th-sbyz726oa6.live-website.com\/?page_id=180"},"modified":"2025-11-28T14:34:42","modified_gmt":"2025-11-28T14:34:42","slug":"leistungen","status":"publish","type":"page","link":"https:\/\/katzenschwanz-therapie.de\/en\/leistungen\/","title":{"rendered":"Services"},"content":{"rendered":"<div data-elementor-type=\"wp-page\" data-elementor-id=\"180\" class=\"elementor elementor-180\" data-elementor-post-type=\"page\">\n\t\t\t\t<div class=\"elementor-element elementor-element-097175d e-flex e-con-boxed e-con e-parent\" data-id=\"097175d\" data-element_type=\"container\" data-e-type=\"container\" data-settings=\"{&quot;background_background&quot;:&quot;classic&quot;}\">\n\t\t\t\t\t<div class=\"e-con-inner\">\n\t\t\t\t<div class=\"elementor-element elementor-element-91cdb4d elementor-widget elementor-widget-heading\" data-id=\"91cdb4d\" data-element_type=\"widget\" data-e-type=\"widget\" data-widget_type=\"heading.default\">\n\t\t\t\t<div class=\"elementor-widget-container\">\n\t\t\t\t\t<h2 class=\"elementor-heading-title elementor-size-default\">Therapy variety for your health<\/h2>\t\t\t\t<\/div>\n\t\t\t\t<\/div>\n\t\t\t\t\t<\/div>\n\t\t\t\t<\/div>\n\t\t<div class=\"elementor-element elementor-element-a598250 e-con-full e-flex e-con e-parent\" data-id=\"a598250\" data-element_type=\"container\" data-e-type=\"container\">\n\t\t<div class=\"elementor-element elementor-element-95bcbc3 e-con-full e-flex e-con e-child\" data-id=\"95bcbc3\" data-element_type=\"container\" data-e-type=\"container\" data-settings=\"{&quot;background_background&quot;:&quot;classic&quot;}\">\n\t\t\t\t<\/div>\n\t\t<div class=\"elementor-element elementor-element-418864e e-con-full e-flex e-con e-child\" data-id=\"418864e\" data-element_type=\"container\" data-e-type=\"container\">\n\t\t\t\t<div class=\"elementor-element elementor-element-09c23ae elementor-widget elementor-widget-heading\" data-id=\"09c23ae\" data-element_type=\"widget\" data-e-type=\"widget\" data-widget_type=\"heading.default\">\n\t\t\t\t<div class=\"elementor-widget-container\">\n\t\t\t\t\t<h2 class=\"elementor-heading-title elementor-size-default\">Osteopathy<\/h2>\t\t\t\t<\/div>\n\t\t\t\t<\/div>\n\t\t\t\t<div class=\"elementor-element elementor-element-6e34431 elementor-widget elementor-widget-text-editor\" data-id=\"6e34431\" data-element_type=\"widget\" data-e-type=\"widget\" data-widget_type=\"text-editor.default\">\n\t\t\t\t<div class=\"elementor-widget-container\">\n\t\t\t\t\t\t\t\t\t<p>\u2018The most effective medicine is the natural healing force within each one of us.\u2019 -Hippocrates.<\/p><p>Osteopathy focuses on promoting the body's self-healing powers. I use targeted and gentle techniques to help your body regain its natural balance and activate its own healing processes. Osteopathy looks at the person as a whole and addresses individual needs in order to promote long-term health and well-being.<\/p><p>Trust in your body\u2019s natural resources and experience the wide-ranging benefits of osteopathic care.<\/p>\t\t\t\t\t\t\t\t<\/div>\n\t\t\t\t<\/div>\n\t\t\t\t<div class=\"elementor-element elementor-element-55b6bbe elementor-widget elementor-widget-button\" data-id=\"55b6bbe\" data-element_type=\"widget\" data-e-type=\"widget\" data-widget_type=\"button.default\">\n\t\t\t\t<div class=\"elementor-widget-container\">\n\t\t\t\t\t\t\t\t\t<div class=\"elementor-button-wrapper\">\n\t\t\t\t\t<a class=\"elementor-button elementor-button-link elementor-size-sm\" href=\"https:\/\/katzenschwanz-therapie.de\/en\/osteopathie\/\" target=\"_blank\">\n\t\t\t\t\t\t<span class=\"elementor-button-content-wrapper\">\n\t\t\t\t\t\t\t\t\t<span class=\"elementor-button-text\">More about osteopathy<\/span>\n\t\t\t\t\t<\/span>\n\t\t\t\t\t<\/a>\n\t\t\t\t<\/div>\n\t\t\t\t\t\t\t\t<\/div>\n\t\t\t\t<\/div>\n\t\t\t\t<\/div>\n\t\t\t\t<\/div>\n\t\t<div class=\"elementor-element elementor-element-343fd6f e-con-full e-flex e-con e-parent\" data-id=\"343fd6f\" data-element_type=\"container\" data-e-type=\"container\" data-settings=\"{&quot;background_background&quot;:&quot;classic&quot;}\">\n\t\t<div class=\"elementor-element elementor-element-152ec29 e-con-full e-flex e-con e-child\" data-id=\"152ec29\" data-element_type=\"container\" data-e-type=\"container\" data-settings=\"{&quot;background_background&quot;:&quot;classic&quot;}\">\n\t\t\t\t<\/div>\n\t\t<div class=\"elementor-element elementor-element-9223188 e-con-full e-flex e-con e-child\" data-id=\"9223188\" data-element_type=\"container\" data-e-type=\"container\">\n\t\t\t\t<div class=\"elementor-element elementor-element-09e1a9c elementor-widget elementor-widget-menu-anchor\" data-id=\"09e1a9c\" data-element_type=\"widget\" data-e-type=\"widget\" data-widget_type=\"menu-anchor.default\">\n\t\t\t\t<div class=\"elementor-widget-container\">\n\t\t\t\t\t\t\t<div class=\"elementor-menu-anchor\" id=\"physiotherapie\"><\/div>\n\t\t\t\t\t\t<\/div>\n\t\t\t\t<\/div>\n\t\t\t\t<div class=\"elementor-element elementor-element-9ffaa63 elementor-widget elementor-widget-heading\" data-id=\"9ffaa63\" data-element_type=\"widget\" data-e-type=\"widget\" data-widget_type=\"heading.default\">\n\t\t\t\t<div class=\"elementor-widget-container\">\n\t\t\t\t\t<h2 class=\"elementor-heading-title elementor-size-default\">Physiotherapy<\/h2>\t\t\t\t<\/div>\n\t\t\t\t<\/div>\n\t\t\t\t<div class=\"elementor-element elementor-element-efa05fc elementor-widget elementor-widget-text-editor\" data-id=\"efa05fc\" data-element_type=\"widget\" data-e-type=\"widget\" data-widget_type=\"text-editor.default\">\n\t\t\t\t<div class=\"elementor-widget-container\">\n\t\t\t\t\t\t\t\t\t<p>My treatments are always based on a thorough examination and detailed assessment to ensure a personalized and effective therapy for you. Each treatment session incorporates a mix of soft tissue techniques, manual therapy, and customized exercises for you to practice at home. I place particular emphasis on tailoring each approach to align with your unique needs and health goals.<\/p><p>My therapy methods are designed to relieve pain, improve mobility, build strength, and enhance your overall well-being. I use manual lymphatic drainage to stimulate lymph flow and reduce swelling, as well as heat therapy to promote blood circulation and relax tense muscles, providing optimal support for your body\u2019s healing processes.<\/p>\t\t\t\t\t\t\t\t<\/div>\n\t\t\t\t<\/div>\n\t\t\t\t<div class=\"elementor-element elementor-element-a9040ab elementor-widget elementor-widget-button\" data-id=\"a9040ab\" data-element_type=\"widget\" data-e-type=\"widget\" data-widget_type=\"button.default\">\n\t\t\t\t<div class=\"elementor-widget-container\">\n\t\t\t\t\t\t\t\t\t<div class=\"elementor-button-wrapper\">\n\t\t\t\t\t<a class=\"elementor-button elementor-button-link elementor-size-sm\" href=\"https:\/\/katzenschwanz-therapie.de\/en\/physiotherapie\/\" target=\"_blank\">\n\t\t\t\t\t\t<span class=\"elementor-button-content-wrapper\">\n\t\t\t\t\t\t\t\t\t<span class=\"elementor-button-text\">More about physiotherapy<\/span>\n\t\t\t\t\t<\/span>\n\t\t\t\t\t<\/a>\n\t\t\t\t<\/div>\n\t\t\t\t\t\t\t\t<\/div>\n\t\t\t\t<\/div>\n\t\t\t\t<\/div>\n\t\t\t\t<\/div>\n\t\t<div class=\"elementor-element elementor-element-4ea9875 e-con-full e-flex e-con e-parent\" data-id=\"4ea9875\" data-element_type=\"container\" data-e-type=\"container\">\n\t\t<div class=\"elementor-element elementor-element-e2c1642 e-con-full e-flex e-con e-child\" data-id=\"e2c1642\" data-element_type=\"container\" data-e-type=\"container\" data-settings=\"{&quot;background_background&quot;:&quot;classic&quot;}\">\n\t\t\t\t<\/div>\n\t\t<div class=\"elementor-element elementor-element-ec1dbe8 e-con-full e-flex e-con e-child\" data-id=\"ec1dbe8\" data-element_type=\"container\" data-e-type=\"container\">\n\t\t\t\t<div class=\"elementor-element elementor-element-8281ac1 elementor-widget elementor-widget-menu-anchor\" data-id=\"8281ac1\" data-element_type=\"widget\" data-e-type=\"widget\" data-widget_type=\"menu-anchor.default\">\n\t\t\t\t<div class=\"elementor-widget-container\">\n\t\t\t\t\t\t\t<div class=\"elementor-menu-anchor\" id=\"healthcoaching\"><\/div>\n\t\t\t\t\t\t<\/div>\n\t\t\t\t<\/div>\n\t\t\t\t<div class=\"elementor-element elementor-element-cf2d3d8 elementor-widget elementor-widget-heading\" data-id=\"cf2d3d8\" data-element_type=\"widget\" data-e-type=\"widget\" data-widget_type=\"heading.default\">\n\t\t\t\t<div class=\"elementor-widget-container\">\n\t\t\t\t\t<h2 class=\"elementor-heading-title elementor-size-default\">Health Coaching<\/h2>\t\t\t\t<\/div>\n\t\t\t\t<\/div>\n\t\t\t\t<div class=\"elementor-element elementor-element-7cbeb4b elementor-widget elementor-widget-text-editor\" data-id=\"7cbeb4b\" data-element_type=\"widget\" data-e-type=\"widget\" data-widget_type=\"text-editor.default\">\n\t\t\t\t<div class=\"elementor-widget-container\">\n\t\t\t\t\t\t\t\t\t<p>My holistic approach to promoting health is built on three essential pillars: nutrition, training, and psychology.<\/p><p>I conduct intolerance tests, analyze your food diary, and provide targeted supplement recommendations to tailor your diet to your individual needs. Your training program will be customized to align with your goals and current fitness level, supported by a coaching app for guidance over several weeks. Additionally, I will help you stay motivated and balanced by offering mental strategies and ongoing support.<\/p><p>Trust in my comprehensive approach to achieve your health goals and enhance your quality of life.<\/p>\t\t\t\t\t\t\t\t<\/div>\n\t\t\t\t<\/div>\n\t\t\t\t<div class=\"elementor-element elementor-element-ab2fe73 elementor-widget elementor-widget-button\" data-id=\"ab2fe73\" data-element_type=\"widget\" data-e-type=\"widget\" data-widget_type=\"button.default\">\n\t\t\t\t<div class=\"elementor-widget-container\">\n\t\t\t\t\t\t\t\t\t<div class=\"elementor-button-wrapper\">\n\t\t\t\t\t<a class=\"elementor-button elementor-button-link elementor-size-sm\" href=\"https:\/\/katzenschwanz-therapie.de\/en\/health-coaching\/\">\n\t\t\t\t\t\t<span class=\"elementor-button-content-wrapper\">\n\t\t\t\t\t\t\t\t\t<span class=\"elementor-button-text\">More about Health Coaching<\/span>\n\t\t\t\t\t<\/span>\n\t\t\t\t\t<\/a>\n\t\t\t\t<\/div>\n\t\t\t\t\t\t\t\t<\/div>\n\t\t\t\t<\/div>\n\t\t\t\t<\/div>\n\t\t\t\t<\/div>\n\t\t<div class=\"elementor-element elementor-element-4594582 e-con-full e-flex e-con e-parent\" data-id=\"4594582\" data-element_type=\"container\" data-e-type=\"container\" data-settings=\"{&quot;background_background&quot;:&quot;classic&quot;}\">\n\t\t<div class=\"elementor-element elementor-element-e9a08c2 e-con-full e-flex e-con e-child\" data-id=\"e9a08c2\" data-element_type=\"container\" data-e-type=\"container\" data-settings=\"{&quot;background_background&quot;:&quot;classic&quot;}\">\n\t\t\t\t<\/div>\n\t\t<div class=\"elementor-element elementor-element-391bc32 e-con-full e-flex e-con e-child\" data-id=\"391bc32\" data-element_type=\"container\" data-e-type=\"container\">\n\t\t\t\t<div class=\"elementor-element elementor-element-7ecca55 elementor-widget elementor-widget-menu-anchor\" data-id=\"7ecca55\" data-element_type=\"widget\" data-e-type=\"widget\" data-widget_type=\"menu-anchor.default\">\n\t\t\t\t<div class=\"elementor-widget-container\">\n\t\t\t\t\t\t\t<div class=\"elementor-menu-anchor\" id=\"physiotherapie\"><\/div>\n\t\t\t\t\t\t<\/div>\n\t\t\t\t<\/div>\n\t\t\t\t<div class=\"elementor-element elementor-element-0385328 elementor-hidden-mobile elementor-widget elementor-widget-heading\" data-id=\"0385328\" data-element_type=\"widget\" data-e-type=\"widget\" data-widget_type=\"heading.default\">\n\t\t\t\t<div class=\"elementor-widget-container\">\n\t\t\t\t\t<h2 class=\"elementor-heading-title elementor-size-default\">Training Optimization<\/h2>\t\t\t\t<\/div>\n\t\t\t\t<\/div>\n\t\t\t\t<div class=\"elementor-element elementor-element-7ff603b elementor-hidden-desktop elementor-hidden-tablet elementor-widget elementor-widget-heading\" data-id=\"7ff603b\" data-element_type=\"widget\" data-e-type=\"widget\" data-widget_type=\"heading.default\">\n\t\t\t\t<div class=\"elementor-widget-container\">\n\t\t\t\t\t<h2 class=\"elementor-heading-title elementor-size-default\">Trainings-optimierung<\/h2>\t\t\t\t<\/div>\n\t\t\t\t<\/div>\n\t\t\t\t<div class=\"elementor-element elementor-element-670b663 elementor-widget elementor-widget-text-editor\" data-id=\"670b663\" data-element_type=\"widget\" data-e-type=\"widget\" data-widget_type=\"text-editor.default\">\n\t\t\t\t<div class=\"elementor-widget-container\">\n\t\t\t\t\t\t\t\t\t<p>Do you train regularly but see no results? When progress stagnates and old injuries keep recurring, the solution is rarely to \u201cdo more,\u201d but rather to \u201cdo it right.\u201d In 1:1 training optimization, precise analysis and individual strategy come together. Together, we uncover the causes, tailor your training specifically to your needs, and ensure that stress, regeneration, and physical conditions are finally in harmony. For noticeable stability, better mobility, and sustainable performance\u2014suitable for everyday use, personally accompanied, and physiotherapeutically sound. Discover training that really suits you.<\/p>\t\t\t\t\t\t\t\t<\/div>\n\t\t\t\t<\/div>\n\t\t\t\t<div class=\"elementor-element elementor-element-0bcacad elementor-widget elementor-widget-button\" data-id=\"0bcacad\" data-element_type=\"widget\" data-e-type=\"widget\" data-widget_type=\"button.default\">\n\t\t\t\t<div class=\"elementor-widget-container\">\n\t\t\t\t\t\t\t\t\t<div class=\"elementor-button-wrapper\">\n\t\t\t\t\t<a class=\"elementor-button elementor-button-link elementor-size-sm\" href=\"https:\/\/katzenschwanz-therapie.de\/en\/trainingsoptimierung\/\" target=\"_blank\">\n\t\t\t\t\t\t<span class=\"elementor-button-content-wrapper\">\n\t\t\t\t\t\t\t\t\t<span class=\"elementor-button-text\">More about Training Optimization<\/span>\n\t\t\t\t\t<\/span>\n\t\t\t\t\t<\/a>\n\t\t\t\t<\/div>\n\t\t\t\t\t\t\t\t<\/div>\n\t\t\t\t<\/div>\n\t\t\t\t<\/div>\n\t\t\t\t<\/div>\n\t\t\t\t<\/div>","protected":false},"excerpt":{"rendered":"<p>Therapievielfalt f\u00fcr Ihre Gesundheit Osteopathie \u201eDie wirksamste Medizin ist die nat\u00fcrliche Heilkraft, die im Inneren eines jeden von uns liegt.\u201c -Hippokrates. In der Osteopathie steht die F\u00f6rderung der Selbstheilungskr\u00e4fte des K\u00f6rpers im Mittelpunkt. Durch gezielte und sanfte Techniken unterst\u00fctze ich Ihren K\u00f6rper dabei, sein nat\u00fcrliches Gleichgewicht wiederzufinden und die eigenen Heilungsprozesse zu aktivieren. Osteopathie betrachtet [&hellip;]<\/p>\n","protected":false},"author":1,"featured_media":0,"parent":0,"menu_order":0,"comment_status":"closed","ping_status":"closed","template":"","meta":{"footnotes":""},"class_list":["post-180","page","type-page","status-publish","hentry"],"yoast_head":"<!-- This site is optimized with the Yoast SEO plugin v27.6 - https:\/\/yoast.com\/product\/yoast-seo-wordpress\/ -->\n<title>Leistungen - Katzenschwanz Therapie<\/title>\n<meta name=\"robots\" content=\"index, follow, max-snippet:-1, max-image-preview:large, max-video-preview:-1\" \/>\n<link rel=\"canonical\" href=\"https:\/\/katzenschwanz-therapie.de\/en\/leistungen\/\" \/>\n<meta property=\"og:locale\" content=\"en_US\" \/>\n<meta property=\"og:type\" content=\"article\" \/>\n<meta property=\"og:title\" content=\"Leistungen - Katzenschwanz Therapie\" \/>\n<meta property=\"og:description\" content=\"Therapievielfalt f\u00fcr Ihre Gesundheit Osteopathie \u201eDie wirksamste Medizin ist die nat\u00fcrliche Heilkraft, die im Inneren eines jeden von uns liegt.\u201c -Hippokrates. In der Osteopathie steht die F\u00f6rderung der Selbstheilungskr\u00e4fte des K\u00f6rpers im Mittelpunkt. Durch gezielte und sanfte Techniken unterst\u00fctze ich Ihren K\u00f6rper dabei, sein nat\u00fcrliches Gleichgewicht wiederzufinden und die eigenen Heilungsprozesse zu aktivieren. Osteopathie betrachtet [&hellip;]\" \/>\n<meta property=\"og:url\" content=\"https:\/\/katzenschwanz-therapie.de\/en\/leistungen\/\" \/>\n<meta property=\"og:site_name\" content=\"Katzenschwanz Therapie\" \/>\n<meta property=\"article:modified_time\" content=\"2025-11-28T14:34:42+00:00\" \/>\n<meta name=\"twitter:card\" content=\"summary_large_image\" \/>\n<meta name=\"twitter:label1\" content=\"Est. reading time\" \/>\n\t<meta name=\"twitter:data1\" content=\"3 minutes\" \/>\n<script type=\"application\/ld+json\" class=\"yoast-schema-graph\">{\"@context\":\"https:\\\/\\\/schema.org\",\"@graph\":[{\"@type\":\"WebPage\",\"@id\":\"https:\\\/\\\/katzenschwanz-therapie.de\\\/leistungen\\\/\",\"url\":\"https:\\\/\\\/katzenschwanz-therapie.de\\\/leistungen\\\/\",\"name\":\"Leistungen - Katzenschwanz Therapie\",\"isPartOf\":{\"@id\":\"https:\\\/\\\/katzenschwanz-therapie.de\\\/#website\"},\"datePublished\":\"2024-11-25T17:09:15+00:00\",\"dateModified\":\"2025-11-28T14:34:42+00:00\",\"breadcrumb\":{\"@id\":\"https:\\\/\\\/katzenschwanz-therapie.de\\\/leistungen\\\/#breadcrumb\"},\"inLanguage\":\"en-US\",\"potentialAction\":[{\"@type\":\"ReadAction\",\"target\":[\"https:\\\/\\\/katzenschwanz-therapie.de\\\/leistungen\\\/\"]}]},{\"@type\":\"BreadcrumbList\",\"@id\":\"https:\\\/\\\/katzenschwanz-therapie.de\\\/leistungen\\\/#breadcrumb\",\"itemListElement\":[{\"@type\":\"ListItem\",\"position\":1,\"name\":\"Startseite\",\"item\":\"https:\\\/\\\/katzenschwanz-therapie.de\\\/\"},{\"@type\":\"ListItem\",\"position\":2,\"name\":\"Leistungen\"}]},{\"@type\":\"WebSite\",\"@id\":\"https:\\\/\\\/katzenschwanz-therapie.de\\\/#website\",\"url\":\"https:\\\/\\\/katzenschwanz-therapie.de\\\/\",\"name\":\"Katzenschwanz Therapie\",\"description\":\"Praxis f&uuml;r Physiotherapie und Osteopathie.\",\"publisher\":{\"@id\":\"https:\\\/\\\/katzenschwanz-therapie.de\\\/#organization\"},\"potentialAction\":[{\"@type\":\"SearchAction\",\"target\":{\"@type\":\"EntryPoint\",\"urlTemplate\":\"https:\\\/\\\/katzenschwanz-therapie.de\\\/?s={search_term_string}\"},\"query-input\":{\"@type\":\"PropertyValueSpecification\",\"valueRequired\":true,\"valueName\":\"search_term_string\"}}],\"inLanguage\":\"en-US\"},{\"@type\":\"Organization\",\"@id\":\"https:\\\/\\\/katzenschwanz-therapie.de\\\/#organization\",\"name\":\"Katzenschwanz Therapie\",\"url\":\"https:\\\/\\\/katzenschwanz-therapie.de\\\/\",\"logo\":{\"@type\":\"ImageObject\",\"inLanguage\":\"en-US\",\"@id\":\"https:\\\/\\\/katzenschwanz-therapie.de\\\/#\\\/schema\\\/logo\\\/image\\\/\",\"url\":\"https:\\\/\\\/katzenschwanz-therapie.de\\\/wp-content\\\/uploads\\\/2024\\\/11\\\/LMK_Logo.png\",\"contentUrl\":\"https:\\\/\\\/katzenschwanz-therapie.de\\\/wp-content\\\/uploads\\\/2024\\\/11\\\/LMK_Logo.png\",\"width\":3251,\"height\":2501,\"caption\":\"Katzenschwanz Therapie\"},\"image\":{\"@id\":\"https:\\\/\\\/katzenschwanz-therapie.de\\\/#\\\/schema\\\/logo\\\/image\\\/\"}}]}<\/script>\n<!-- \/ Yoast SEO plugin. -->","yoast_head_json":{"title":"Leistungen - Katzenschwanz Therapie","robots":{"index":"index","follow":"follow","max-snippet":"max-snippet:-1","max-image-preview":"max-image-preview:large","max-video-preview":"max-video-preview:-1"},"canonical":"https:\/\/katzenschwanz-therapie.de\/en\/leistungen\/","og_locale":"en_US","og_type":"article","og_title":"Leistungen - Katzenschwanz Therapie","og_description":"Therapievielfalt f\u00fcr Ihre Gesundheit Osteopathie \u201eDie wirksamste Medizin ist die nat\u00fcrliche Heilkraft, die im Inneren eines jeden von uns liegt.\u201c -Hippokrates. In der Osteopathie steht die F\u00f6rderung der Selbstheilungskr\u00e4fte des K\u00f6rpers im Mittelpunkt. Durch gezielte und sanfte Techniken unterst\u00fctze ich Ihren K\u00f6rper dabei, sein nat\u00fcrliches Gleichgewicht wiederzufinden und die eigenen Heilungsprozesse zu aktivieren. Osteopathie betrachtet [&hellip;]","og_url":"https:\/\/katzenschwanz-therapie.de\/en\/leistungen\/","og_site_name":"Katzenschwanz Therapie","article_modified_time":"2025-11-28T14:34:42+00:00","twitter_card":"summary_large_image","twitter_misc":{"Est. reading time":"3 minutes"},"schema":{"@context":"https:\/\/schema.org","@graph":[{"@type":"WebPage","@id":"https:\/\/katzenschwanz-therapie.de\/leistungen\/","url":"https:\/\/katzenschwanz-therapie.de\/leistungen\/","name":"Leistungen - Katzenschwanz Therapie","isPartOf":{"@id":"https:\/\/katzenschwanz-therapie.de\/#website"},"datePublished":"2024-11-25T17:09:15+00:00","dateModified":"2025-11-28T14:34:42+00:00","breadcrumb":{"@id":"https:\/\/katzenschwanz-therapie.de\/leistungen\/#breadcrumb"},"inLanguage":"en-US","potentialAction":[{"@type":"ReadAction","target":["https:\/\/katzenschwanz-therapie.de\/leistungen\/"]}]},{"@type":"BreadcrumbList","@id":"https:\/\/katzenschwanz-therapie.de\/leistungen\/#breadcrumb","itemListElement":[{"@type":"ListItem","position":1,"name":"Startseite","item":"https:\/\/katzenschwanz-therapie.de\/"},{"@type":"ListItem","position":2,"name":"Leistungen"}]},{"@type":"WebSite","@id":"https:\/\/katzenschwanz-therapie.de\/#website","url":"https:\/\/katzenschwanz-therapie.de\/","name":"Katzenschwanz Therapy","description":"Praxis f&uuml;r Physiotherapie und Osteopathie.","publisher":{"@id":"https:\/\/katzenschwanz-therapie.de\/#organization"},"potentialAction":[{"@type":"SearchAction","target":{"@type":"EntryPoint","urlTemplate":"https:\/\/katzenschwanz-therapie.de\/?s={search_term_string}"},"query-input":{"@type":"PropertyValueSpecification","valueRequired":true,"valueName":"search_term_string"}}],"inLanguage":"en-US"},{"@type":"Organization","@id":"https:\/\/katzenschwanz-therapie.de\/#organization","name":"Katzenschwanz Therapy","url":"https:\/\/katzenschwanz-therapie.de\/","logo":{"@type":"ImageObject","inLanguage":"en-US","@id":"https:\/\/katzenschwanz-therapie.de\/#\/schema\/logo\/image\/","url":"https:\/\/katzenschwanz-therapie.de\/wp-content\/uploads\/2024\/11\/LMK_Logo.png","contentUrl":"https:\/\/katzenschwanz-therapie.de\/wp-content\/uploads\/2024\/11\/LMK_Logo.png","width":3251,"height":2501,"caption":"Katzenschwanz Therapie"},"image":{"@id":"https:\/\/katzenschwanz-therapie.de\/#\/schema\/logo\/image\/"}}]}},"_links":{"self":[{"href":"https:\/\/katzenschwanz-therapie.de\/en\/wp-json\/wp\/v2\/pages\/180","targetHints":{"allow":["GET"]}}],"collection":[{"href":"https:\/\/katzenschwanz-therapie.de\/en\/wp-json\/wp\/v2\/pages"}],"about":[{"href":"https:\/\/katzenschwanz-therapie.de\/en\/wp-json\/wp\/v2\/types\/page"}],"author":[{"embeddable":true,"href":"https:\/\/katzenschwanz-therapie.de\/en\/wp-json\/wp\/v2\/users\/1"}],"replies":[{"embeddable":true,"href":"https:\/\/katzenschwanz-therapie.de\/en\/wp-json\/wp\/v2\/comments?post=180"}],"version-history":[{"count":122,"href":"https:\/\/katzenschwanz-therapie.de\/en\/wp-json\/wp\/v2\/pages\/180\/revisions"}],"predecessor-version":[{"id":1757,"href":"https:\/\/katzenschwanz-therapie.de\/en\/wp-json\/wp\/v2\/pages\/180\/revisions\/1757"}],"wp:attachment":[{"href":"https:\/\/katzenschwanz-therapie.de\/en\/wp-json\/wp\/v2\/media?parent=180"}],"curies":[{"name":"wp","href":"https:\/\/api.w.org\/{rel}","templated":true}]}}