{"id":175,"date":"2024-11-25T17:09:51","date_gmt":"2024-11-25T17:09:51","guid":{"rendered":"https:\/\/katzenschwanz-th-sbyz726oa6.live-website.com\/?page_id=175"},"modified":"2025-11-28T14:18:45","modified_gmt":"2025-11-28T14:18:45","slug":"ueber-mich","status":"publish","type":"page","link":"https:\/\/katzenschwanz-therapie.de\/en\/ueber-mich\/","title":{"rendered":"About me"},"content":{"rendered":"<div data-elementor-type=\"wp-page\" data-elementor-id=\"175\" class=\"elementor elementor-175\" data-elementor-post-type=\"page\">\n\t\t\t\t<div class=\"elementor-element elementor-element-0c01ba2 e-flex e-con-boxed e-con e-parent\" data-id=\"0c01ba2\" data-element_type=\"container\" data-e-type=\"container\">\n\t\t\t\t\t<div class=\"e-con-inner\">\n\t\t\t\t<div class=\"elementor-element elementor-element-50140a0 elementor-widget elementor-widget-heading\" data-id=\"50140a0\" data-element_type=\"widget\" data-e-type=\"widget\" data-widget_type=\"heading.default\">\n\t\t\t\t<div class=\"elementor-widget-container\">\n\t\t\t\t\t<h2 class=\"elementor-heading-title elementor-size-default\">Get to know your therapist<\/h2>\t\t\t\t<\/div>\n\t\t\t\t<\/div>\n\t\t\t\t<div class=\"elementor-element elementor-element-f51a4aa elementor-widget elementor-widget-heading\" data-id=\"f51a4aa\" data-element_type=\"widget\" data-e-type=\"widget\" data-widget_type=\"heading.default\">\n\t\t\t\t<div class=\"elementor-widget-container\">\n\t\t\t\t\t<h2 class=\"elementor-heading-title elementor-size-default\">Luisa-Marie Katzenschwanz<\/h2>\t\t\t\t<\/div>\n\t\t\t\t<\/div>\n\t\t\t\t\t<\/div>\n\t\t\t\t<\/div>\n\t\t<div class=\"elementor-element elementor-element-e86d04d elementor-hidden-tablet e-flex e-con-boxed e-con e-parent\" data-id=\"e86d04d\" data-element_type=\"container\" data-e-type=\"container\">\n\t\t\t\t\t<div class=\"e-con-inner\">\n\t\t<div class=\"elementor-element elementor-element-a0339b8 e-con-full e-flex e-con e-child\" data-id=\"a0339b8\" data-element_type=\"container\" data-e-type=\"container\">\n\t\t\t\t<div class=\"elementor-element elementor-element-83afe74 elementor-widget elementor-widget-text-editor\" data-id=\"83afe74\" data-element_type=\"widget\" data-e-type=\"widget\" data-widget_type=\"text-editor.default\">\n\t\t\t\t<div class=\"elementor-widget-container\">\n\t\t\t\t\t\t\t\t\t<p>My path to physiotherapy\u2014and especially to osteopathy\u2014began with my own experience of osteopathic treatment in childhood, when I started experiencing issues related to wearing braces. My orthodontist recommended an osteopath, and the treatment was not only effective but also surprisingly pleasant. This experience significantly shaped my career aspirations.<\/p><p>After graduating high school in 2015, I began my training as a physiotherapist, during which I gained extensive practical knowledge over the following years. My love of learning led me to pursue additional training as an osteopath, which I completed in 2023.<br \/>To provide holistic care, I decided in 2023 to begin training as a naturopath and health coach, both of which I will complete this year. This additional expertise will enable me to offer even more comprehensive support to my patients and help them achieve their health goals in a well-rounded way.<\/p><p>I look forward to supporting you with my expertise and passion for holistic health.<\/p>\t\t\t\t\t\t\t\t<\/div>\n\t\t\t\t<\/div>\n\t\t\t\t<\/div>\n\t\t<div class=\"elementor-element elementor-element-128b145 e-con-full e-flex e-con e-child\" data-id=\"128b145\" data-element_type=\"container\" data-e-type=\"container\" data-settings=\"{&quot;background_background&quot;:&quot;classic&quot;}\">\n\t\t\t\t<\/div>\n\t\t\t\t\t<\/div>\n\t\t\t\t<\/div>\n\t\t<div class=\"elementor-element elementor-element-3bba15c e-grid elementor-hidden-desktop elementor-hidden-mobile e-con-boxed e-con e-parent\" data-id=\"3bba15c\" data-element_type=\"container\" data-e-type=\"container\">\n\t\t\t\t\t<div class=\"e-con-inner\">\n\t\t\t\t<div class=\"elementor-element elementor-element-bb6cbbe elementor-widget elementor-widget-text-editor\" data-id=\"bb6cbbe\" data-element_type=\"widget\" data-e-type=\"widget\" data-widget_type=\"text-editor.default\">\n\t\t\t\t<div class=\"elementor-widget-container\">\n\t\t\t\t\t\t\t\t\t<p>My path to physiotherapy\u2014and especially to osteopathy\u2014began with my own experience of osteopathic treatment in childhood, when I started experiencing issues related to wearing braces. My orthodontist recommended an osteopath, and the treatment was not only effective but also surprisingly pleasant. This experience significantly shaped my career aspirations.<\/p><p>After graduating high school in 2015, I began my training as a physiotherapist, during which I gained extensive practical knowledge over the following years. My love of learning led me to pursue additional training as an osteopath, which I completed in 2023.<br \/>To provide holistic care, I decided in 2023 to begin training as a naturopath and health coach, both of which I will complete this year. This additional expertise will enable me to offer even more comprehensive support to my patients and help them achieve their health goals in a well-rounded way.<\/p><p>I look forward to supporting you with my expertise and passion for holistic health.<\/p>\t\t\t\t\t\t\t\t<\/div>\n\t\t\t\t<\/div>\n\t\t\t\t<div class=\"elementor-element elementor-element-45a9298 elementor-widget elementor-widget-image\" data-id=\"45a9298\" data-element_type=\"widget\" data-e-type=\"widget\" data-widget_type=\"image.default\">\n\t\t\t\t<div class=\"elementor-widget-container\">\n\t\t\t\t\t\t\t\t\t\t\t\t\t\t\t<img fetchpriority=\"high\" decoding=\"async\" width=\"800\" height=\"800\" src=\"https:\/\/katzenschwanz-therapie.de\/wp-content\/uploads\/2024\/11\/Potrait-Bildgalerie-1024x1024.jpg\" class=\"attachment-large size-large wp-image-171\" alt=\"\" srcset=\"https:\/\/katzenschwanz-therapie.de\/wp-content\/uploads\/2024\/11\/Potrait-Bildgalerie-1024x1024.jpg 1024w, https:\/\/katzenschwanz-therapie.de\/wp-content\/uploads\/2024\/11\/Potrait-Bildgalerie-300x300.jpg 300w, https:\/\/katzenschwanz-therapie.de\/wp-content\/uploads\/2024\/11\/Potrait-Bildgalerie-150x150.jpg 150w, https:\/\/katzenschwanz-therapie.de\/wp-content\/uploads\/2024\/11\/Potrait-Bildgalerie-768x768.jpg 768w, https:\/\/katzenschwanz-therapie.de\/wp-content\/uploads\/2024\/11\/Potrait-Bildgalerie.jpg 1156w\" sizes=\"(max-width: 800px) 100vw, 800px\" \/>\t\t\t\t\t\t\t\t\t\t\t\t\t\t\t<\/div>\n\t\t\t\t<\/div>\n\t\t\t\t\t<\/div>\n\t\t\t\t<\/div>\n\t\t<div class=\"elementor-element elementor-element-da69ebc e-flex e-con-boxed e-con e-parent\" data-id=\"da69ebc\" data-element_type=\"container\" data-e-type=\"container\" data-settings=\"{&quot;background_background&quot;:&quot;classic&quot;}\">\n\t\t\t\t\t<div class=\"e-con-inner\">\n\t\t\t\t<div class=\"elementor-element elementor-element-62af08c elementor-widget elementor-widget-heading\" data-id=\"62af08c\" data-element_type=\"widget\" data-e-type=\"widget\" data-widget_type=\"heading.default\">\n\t\t\t\t<div class=\"elementor-widget-container\">\n\t\t\t\t\t<h2 class=\"elementor-heading-title elementor-size-default\">My background<\/h2>\t\t\t\t<\/div>\n\t\t\t\t<\/div>\n\t\t<div class=\"elementor-element elementor-element-4edc9d0 e-grid e-con-full e-con e-child\" data-id=\"4edc9d0\" data-element_type=\"container\" data-e-type=\"container\">\n\t\t<div class=\"elementor-element elementor-element-1a9e118 e-con-full e-flex e-con e-child\" data-id=\"1a9e118\" data-element_type=\"container\" data-e-type=\"container\" data-settings=\"{&quot;background_background&quot;:&quot;classic&quot;}\">\n\t\t\t\t<div class=\"elementor-element elementor-element-19ebb1c elementor-widget elementor-widget-heading\" data-id=\"19ebb1c\" data-element_type=\"widget\" data-e-type=\"widget\" data-widget_type=\"heading.default\">\n\t\t\t\t<div class=\"elementor-widget-container\">\n\t\t\t\t\t<h2 class=\"elementor-heading-title elementor-size-default\">2023\u2013heute<\/h2>\t\t\t\t<\/div>\n\t\t\t\t<\/div>\n\t\t\t\t<div class=\"elementor-element elementor-element-a05ad74 elementor-widget elementor-widget-text-editor\" data-id=\"a05ad74\" data-element_type=\"widget\" data-e-type=\"widget\" data-widget_type=\"text-editor.default\">\n\t\t\t\t<div class=\"elementor-widget-container\">\n\t\t\t\t\t\t\t\t\t<p>Qualification for <strong>Heilpraktikerin.<\/strong><\/p>\t\t\t\t\t\t\t\t<\/div>\n\t\t\t\t<\/div>\n\t\t\t\t<\/div>\n\t\t<div class=\"elementor-element elementor-element-68e513a e-con-full e-flex e-con e-child\" data-id=\"68e513a\" data-element_type=\"container\" data-e-type=\"container\" data-settings=\"{&quot;background_background&quot;:&quot;classic&quot;}\">\n\t\t\t\t<div class=\"elementor-element elementor-element-3086b31 elementor-widget elementor-widget-heading\" data-id=\"3086b31\" data-element_type=\"widget\" data-e-type=\"widget\" data-widget_type=\"heading.default\">\n\t\t\t\t<div class=\"elementor-widget-container\">\n\t\t\t\t\t<h2 class=\"elementor-heading-title elementor-size-default\">2023\u20132025<\/h2>\t\t\t\t<\/div>\n\t\t\t\t<\/div>\n\t\t\t\t<div class=\"elementor-element elementor-element-9e68038 elementor-widget elementor-widget-text-editor\" data-id=\"9e68038\" data-element_type=\"widget\" data-e-type=\"widget\" data-widget_type=\"text-editor.default\">\n\t\t\t\t<div class=\"elementor-widget-container\">\n\t\t\t\t\t\t\t\t\t<p>Qualification for <strong>Health Coach.<\/strong><\/p>\t\t\t\t\t\t\t\t<\/div>\n\t\t\t\t<\/div>\n\t\t\t\t<\/div>\n\t\t<div class=\"elementor-element elementor-element-6bb0556 e-con-full e-flex e-con e-child\" data-id=\"6bb0556\" data-element_type=\"container\" data-e-type=\"container\" data-settings=\"{&quot;background_background&quot;:&quot;classic&quot;}\">\n\t\t\t\t<div class=\"elementor-element elementor-element-d82280f elementor-widget elementor-widget-heading\" data-id=\"d82280f\" data-element_type=\"widget\" data-e-type=\"widget\" data-widget_type=\"heading.default\">\n\t\t\t\t<div class=\"elementor-widget-container\">\n\t\t\t\t\t<h2 class=\"elementor-heading-title elementor-size-default\">2022\u20132024<\/h2>\t\t\t\t<\/div>\n\t\t\t\t<\/div>\n\t\t\t\t<div class=\"elementor-element elementor-element-e25710a elementor-widget elementor-widget-text-editor\" data-id=\"e25710a\" data-element_type=\"widget\" data-e-type=\"widget\" data-widget_type=\"text-editor.default\">\n\t\t\t\t<div class=\"elementor-widget-container\">\n\t\t\t\t\t\t\t\t\t<p><strong>Physiotherapist and osteopath<\/strong> in der Praxis Nessenius Physiotherapie im Alten Hof, in enger Zusammenarbeit mit Dr. med. M\u00fcller-Wohlfahrt.<\/p>\t\t\t\t\t\t\t\t<\/div>\n\t\t\t\t<\/div>\n\t\t\t\t<\/div>\n\t\t<div class=\"elementor-element elementor-element-0975aee e-con-full e-flex e-con e-child\" data-id=\"0975aee\" data-element_type=\"container\" data-e-type=\"container\" data-settings=\"{&quot;background_background&quot;:&quot;classic&quot;}\">\n\t\t\t\t<div class=\"elementor-element elementor-element-212f1cd elementor-widget elementor-widget-heading\" data-id=\"212f1cd\" data-element_type=\"widget\" data-e-type=\"widget\" data-widget_type=\"heading.default\">\n\t\t\t\t<div class=\"elementor-widget-container\">\n\t\t\t\t\t<h2 class=\"elementor-heading-title elementor-size-default\">2019\u20132023<\/h2>\t\t\t\t<\/div>\n\t\t\t\t<\/div>\n\t\t\t\t<div class=\"elementor-element elementor-element-847b095 elementor-widget elementor-widget-text-editor\" data-id=\"847b095\" data-element_type=\"widget\" data-e-type=\"widget\" data-widget_type=\"text-editor.default\">\n\t\t\t\t<div class=\"elementor-widget-container\">\n\t\t\t\t\t\t\t\t\t<p>Qualification for<strong> osteopath<\/strong> at Heimerer Schools, Munich.<\/p><p>Arbeit als Physiotherapeutin in der Praxis Rike Zander, Unterhaching.<\/p>\t\t\t\t\t\t\t\t<\/div>\n\t\t\t\t<\/div>\n\t\t\t\t<\/div>\n\t\t<div class=\"elementor-element elementor-element-afd6696 e-con-full e-flex e-con e-child\" data-id=\"afd6696\" data-element_type=\"container\" data-e-type=\"container\" data-settings=\"{&quot;background_background&quot;:&quot;classic&quot;}\">\n\t\t\t\t<div class=\"elementor-element elementor-element-b052b5a elementor-widget elementor-widget-heading\" data-id=\"b052b5a\" data-element_type=\"widget\" data-e-type=\"widget\" data-widget_type=\"heading.default\">\n\t\t\t\t<div class=\"elementor-widget-container\">\n\t\t\t\t\t<h2 class=\"elementor-heading-title elementor-size-default\">2015\u20132018<\/h2>\t\t\t\t<\/div>\n\t\t\t\t<\/div>\n\t\t\t\t<div class=\"elementor-element elementor-element-a2861ac elementor-widget elementor-widget-text-editor\" data-id=\"a2861ac\" data-element_type=\"widget\" data-e-type=\"widget\" data-widget_type=\"text-editor.default\">\n\t\t\t\t<div class=\"elementor-widget-container\">\n\t\t\t\t\t\t\t\t\t<p>Qualification for<strong> physiotherapist<\/strong> an den Ludwig-Fresenius-Schulen, M\u00fcnchen.<\/p>\t\t\t\t\t\t\t\t<\/div>\n\t\t\t\t<\/div>\n\t\t\t\t<\/div>\n\t\t\t\t<\/div>\n\t\t\t\t\t<\/div>\n\t\t\t\t<\/div>\n\t\t\t\t<\/div>","protected":false},"excerpt":{"rendered":"<p>Lernen Sie Ihre Therapeutin kennen Luisa-Marie Katzenschwanz Mein Weg zur Physiotherapie und insbesondere zur Osteopathie begann durch meine pers\u00f6nliche osteopathische Behandlung w\u00e4hrend meiner Kindheit, als ich aufgrund einer Zahnspange zunehmend Probleme bekam. Meine Kieferorthop\u00e4din empfahl mir damals einen Osteopathen, dessen Behandlung nicht nur erfolgreich, sondern auch angenehm f\u00fcr mich war. Diese Erfahrung hat meinen Berufswunsch [&hellip;]<\/p>\n","protected":false},"author":1,"featured_media":0,"parent":0,"menu_order":0,"comment_status":"closed","ping_status":"closed","template":"","meta":{"footnotes":""},"class_list":["post-175","page","type-page","status-publish","hentry"],"yoast_head":"<!-- This site is optimized with the Yoast SEO plugin v27.6 - https:\/\/yoast.com\/product\/yoast-seo-wordpress\/ -->\n<title>\u00dcber mich - Katzenschwanz Therapie<\/title>\n<meta name=\"robots\" content=\"index, follow, max-snippet:-1, max-image-preview:large, max-video-preview:-1\" \/>\n<link rel=\"canonical\" href=\"https:\/\/katzenschwanz-therapie.de\/en\/ueber-mich\/\" \/>\n<meta property=\"og:locale\" content=\"en_US\" \/>\n<meta property=\"og:type\" content=\"article\" \/>\n<meta property=\"og:title\" content=\"\u00dcber mich - Katzenschwanz Therapie\" \/>\n<meta property=\"og:description\" content=\"Lernen Sie Ihre Therapeutin kennen Luisa-Marie Katzenschwanz Mein Weg zur Physiotherapie und insbesondere zur Osteopathie begann durch meine pers\u00f6nliche osteopathische Behandlung w\u00e4hrend meiner Kindheit, als ich aufgrund einer Zahnspange zunehmend Probleme bekam. Meine Kieferorthop\u00e4din empfahl mir damals einen Osteopathen, dessen Behandlung nicht nur erfolgreich, sondern auch angenehm f\u00fcr mich war. Diese Erfahrung hat meinen Berufswunsch [&hellip;]\" \/>\n<meta property=\"og:url\" content=\"https:\/\/katzenschwanz-therapie.de\/en\/ueber-mich\/\" \/>\n<meta property=\"og:site_name\" content=\"Katzenschwanz Therapie\" \/>\n<meta property=\"article:modified_time\" content=\"2025-11-28T14:18:45+00:00\" \/>\n<meta property=\"og:image\" content=\"https:\/\/katzenschwanz-therapie.de\/wp-content\/uploads\/2024\/11\/Potrait-Bildgalerie.jpg\" \/>\n\t<meta property=\"og:image:width\" content=\"1156\" \/>\n\t<meta property=\"og:image:height\" content=\"1156\" \/>\n\t<meta property=\"og:image:type\" content=\"image\/jpeg\" \/>\n<meta name=\"twitter:card\" content=\"summary_large_image\" \/>\n<meta name=\"twitter:label1\" content=\"Est. reading time\" \/>\n\t<meta name=\"twitter:data1\" content=\"3 minutes\" \/>\n<script type=\"application\/ld+json\" class=\"yoast-schema-graph\">{\"@context\":\"https:\\\/\\\/schema.org\",\"@graph\":[{\"@type\":\"WebPage\",\"@id\":\"https:\\\/\\\/katzenschwanz-therapie.de\\\/ueber-mich\\\/\",\"url\":\"https:\\\/\\\/katzenschwanz-therapie.de\\\/ueber-mich\\\/\",\"name\":\"\u00dcber mich - Katzenschwanz Therapie\",\"isPartOf\":{\"@id\":\"https:\\\/\\\/katzenschwanz-therapie.de\\\/#website\"},\"primaryImageOfPage\":{\"@id\":\"https:\\\/\\\/katzenschwanz-therapie.de\\\/ueber-mich\\\/#primaryimage\"},\"image\":{\"@id\":\"https:\\\/\\\/katzenschwanz-therapie.de\\\/ueber-mich\\\/#primaryimage\"},\"thumbnailUrl\":\"https:\\\/\\\/katzenschwanz-therapie.de\\\/wp-content\\\/uploads\\\/2024\\\/11\\\/Potrait-Bildgalerie-1024x1024.jpg\",\"datePublished\":\"2024-11-25T17:09:51+00:00\",\"dateModified\":\"2025-11-28T14:18:45+00:00\",\"breadcrumb\":{\"@id\":\"https:\\\/\\\/katzenschwanz-therapie.de\\\/ueber-mich\\\/#breadcrumb\"},\"inLanguage\":\"en-US\",\"potentialAction\":[{\"@type\":\"ReadAction\",\"target\":[\"https:\\\/\\\/katzenschwanz-therapie.de\\\/ueber-mich\\\/\"]}]},{\"@type\":\"ImageObject\",\"inLanguage\":\"en-US\",\"@id\":\"https:\\\/\\\/katzenschwanz-therapie.de\\\/ueber-mich\\\/#primaryimage\",\"url\":\"https:\\\/\\\/katzenschwanz-therapie.de\\\/wp-content\\\/uploads\\\/2024\\\/11\\\/Potrait-Bildgalerie-1024x1024.jpg\",\"contentUrl\":\"https:\\\/\\\/katzenschwanz-therapie.de\\\/wp-content\\\/uploads\\\/2024\\\/11\\\/Potrait-Bildgalerie-1024x1024.jpg\"},{\"@type\":\"BreadcrumbList\",\"@id\":\"https:\\\/\\\/katzenschwanz-therapie.de\\\/ueber-mich\\\/#breadcrumb\",\"itemListElement\":[{\"@type\":\"ListItem\",\"position\":1,\"name\":\"Startseite\",\"item\":\"https:\\\/\\\/katzenschwanz-therapie.de\\\/\"},{\"@type\":\"ListItem\",\"position\":2,\"name\":\"\u00dcber mich\"}]},{\"@type\":\"WebSite\",\"@id\":\"https:\\\/\\\/katzenschwanz-therapie.de\\\/#website\",\"url\":\"https:\\\/\\\/katzenschwanz-therapie.de\\\/\",\"name\":\"Katzenschwanz Therapie\",\"description\":\"Praxis f&uuml;r Physiotherapie und Osteopathie.\",\"publisher\":{\"@id\":\"https:\\\/\\\/katzenschwanz-therapie.de\\\/#organization\"},\"potentialAction\":[{\"@type\":\"SearchAction\",\"target\":{\"@type\":\"EntryPoint\",\"urlTemplate\":\"https:\\\/\\\/katzenschwanz-therapie.de\\\/?s={search_term_string}\"},\"query-input\":{\"@type\":\"PropertyValueSpecification\",\"valueRequired\":true,\"valueName\":\"search_term_string\"}}],\"inLanguage\":\"en-US\"},{\"@type\":\"Organization\",\"@id\":\"https:\\\/\\\/katzenschwanz-therapie.de\\\/#organization\",\"name\":\"Katzenschwanz Therapie\",\"url\":\"https:\\\/\\\/katzenschwanz-therapie.de\\\/\",\"logo\":{\"@type\":\"ImageObject\",\"inLanguage\":\"en-US\",\"@id\":\"https:\\\/\\\/katzenschwanz-therapie.de\\\/#\\\/schema\\\/logo\\\/image\\\/\",\"url\":\"https:\\\/\\\/katzenschwanz-therapie.de\\\/wp-content\\\/uploads\\\/2024\\\/11\\\/LMK_Logo.png\",\"contentUrl\":\"https:\\\/\\\/katzenschwanz-therapie.de\\\/wp-content\\\/uploads\\\/2024\\\/11\\\/LMK_Logo.png\",\"width\":3251,\"height\":2501,\"caption\":\"Katzenschwanz Therapie\"},\"image\":{\"@id\":\"https:\\\/\\\/katzenschwanz-therapie.de\\\/#\\\/schema\\\/logo\\\/image\\\/\"}}]}<\/script>\n<!-- \/ Yoast SEO plugin. -->","yoast_head_json":{"title":"\u00dcber mich - Katzenschwanz Therapie","robots":{"index":"index","follow":"follow","max-snippet":"max-snippet:-1","max-image-preview":"max-image-preview:large","max-video-preview":"max-video-preview:-1"},"canonical":"https:\/\/katzenschwanz-therapie.de\/en\/ueber-mich\/","og_locale":"en_US","og_type":"article","og_title":"\u00dcber mich - Katzenschwanz Therapie","og_description":"Lernen Sie Ihre Therapeutin kennen Luisa-Marie Katzenschwanz Mein Weg zur Physiotherapie und insbesondere zur Osteopathie begann durch meine pers\u00f6nliche osteopathische Behandlung w\u00e4hrend meiner Kindheit, als ich aufgrund einer Zahnspange zunehmend Probleme bekam. Meine Kieferorthop\u00e4din empfahl mir damals einen Osteopathen, dessen Behandlung nicht nur erfolgreich, sondern auch angenehm f\u00fcr mich war. Diese Erfahrung hat meinen Berufswunsch [&hellip;]","og_url":"https:\/\/katzenschwanz-therapie.de\/en\/ueber-mich\/","og_site_name":"Katzenschwanz Therapie","article_modified_time":"2025-11-28T14:18:45+00:00","og_image":[{"width":1156,"height":1156,"url":"https:\/\/katzenschwanz-therapie.de\/wp-content\/uploads\/2024\/11\/Potrait-Bildgalerie.jpg","type":"image\/jpeg"}],"twitter_card":"summary_large_image","twitter_misc":{"Est. reading time":"3 minutes"},"schema":{"@context":"https:\/\/schema.org","@graph":[{"@type":"WebPage","@id":"https:\/\/katzenschwanz-therapie.de\/ueber-mich\/","url":"https:\/\/katzenschwanz-therapie.de\/ueber-mich\/","name":"\u00dcber mich - Katzenschwanz Therapie","isPartOf":{"@id":"https:\/\/katzenschwanz-therapie.de\/#website"},"primaryImageOfPage":{"@id":"https:\/\/katzenschwanz-therapie.de\/ueber-mich\/#primaryimage"},"image":{"@id":"https:\/\/katzenschwanz-therapie.de\/ueber-mich\/#primaryimage"},"thumbnailUrl":"https:\/\/katzenschwanz-therapie.de\/wp-content\/uploads\/2024\/11\/Potrait-Bildgalerie-1024x1024.jpg","datePublished":"2024-11-25T17:09:51+00:00","dateModified":"2025-11-28T14:18:45+00:00","breadcrumb":{"@id":"https:\/\/katzenschwanz-therapie.de\/ueber-mich\/#breadcrumb"},"inLanguage":"en-US","potentialAction":[{"@type":"ReadAction","target":["https:\/\/katzenschwanz-therapie.de\/ueber-mich\/"]}]},{"@type":"ImageObject","inLanguage":"en-US","@id":"https:\/\/katzenschwanz-therapie.de\/ueber-mich\/#primaryimage","url":"https:\/\/katzenschwanz-therapie.de\/wp-content\/uploads\/2024\/11\/Potrait-Bildgalerie-1024x1024.jpg","contentUrl":"https:\/\/katzenschwanz-therapie.de\/wp-content\/uploads\/2024\/11\/Potrait-Bildgalerie-1024x1024.jpg"},{"@type":"BreadcrumbList","@id":"https:\/\/katzenschwanz-therapie.de\/ueber-mich\/#breadcrumb","itemListElement":[{"@type":"ListItem","position":1,"name":"Startseite","item":"https:\/\/katzenschwanz-therapie.de\/"},{"@type":"ListItem","position":2,"name":"\u00dcber mich"}]},{"@type":"WebSite","@id":"https:\/\/katzenschwanz-therapie.de\/#website","url":"https:\/\/katzenschwanz-therapie.de\/","name":"Katzenschwanz Therapy","description":"Praxis f&uuml;r Physiotherapie und Osteopathie.","publisher":{"@id":"https:\/\/katzenschwanz-therapie.de\/#organization"},"potentialAction":[{"@type":"SearchAction","target":{"@type":"EntryPoint","urlTemplate":"https:\/\/katzenschwanz-therapie.de\/?s={search_term_string}"},"query-input":{"@type":"PropertyValueSpecification","valueRequired":true,"valueName":"search_term_string"}}],"inLanguage":"en-US"},{"@type":"Organization","@id":"https:\/\/katzenschwanz-therapie.de\/#organization","name":"Katzenschwanz Therapy","url":"https:\/\/katzenschwanz-therapie.de\/","logo":{"@type":"ImageObject","inLanguage":"en-US","@id":"https:\/\/katzenschwanz-therapie.de\/#\/schema\/logo\/image\/","url":"https:\/\/katzenschwanz-therapie.de\/wp-content\/uploads\/2024\/11\/LMK_Logo.png","contentUrl":"https:\/\/katzenschwanz-therapie.de\/wp-content\/uploads\/2024\/11\/LMK_Logo.png","width":3251,"height":2501,"caption":"Katzenschwanz Therapie"},"image":{"@id":"https:\/\/katzenschwanz-therapie.de\/#\/schema\/logo\/image\/"}}]}},"_links":{"self":[{"href":"https:\/\/katzenschwanz-therapie.de\/en\/wp-json\/wp\/v2\/pages\/175","targetHints":{"allow":["GET"]}}],"collection":[{"href":"https:\/\/katzenschwanz-therapie.de\/en\/wp-json\/wp\/v2\/pages"}],"about":[{"href":"https:\/\/katzenschwanz-therapie.de\/en\/wp-json\/wp\/v2\/types\/page"}],"author":[{"embeddable":true,"href":"https:\/\/katzenschwanz-therapie.de\/en\/wp-json\/wp\/v2\/users\/1"}],"replies":[{"embeddable":true,"href":"https:\/\/katzenschwanz-therapie.de\/en\/wp-json\/wp\/v2\/comments?post=175"}],"version-history":[{"count":55,"href":"https:\/\/katzenschwanz-therapie.de\/en\/wp-json\/wp\/v2\/pages\/175\/revisions"}],"predecessor-version":[{"id":1741,"href":"https:\/\/katzenschwanz-therapie.de\/en\/wp-json\/wp\/v2\/pages\/175\/revisions\/1741"}],"wp:attachment":[{"href":"https:\/\/katzenschwanz-therapie.de\/en\/wp-json\/wp\/v2\/media?parent=175"}],"curies":[{"name":"wp","href":"https:\/\/api.w.org\/{rel}","templated":true}]}}